{"id":87,"date":"2022-11-22T21:26:26","date_gmt":"2022-11-22T21:26:26","guid":{"rendered":"http:\/\/localhost:8888\/test\/?page_id=532"},"modified":"2022-12-01T05:54:42","modified_gmt":"2022-12-01T05:54:42","slug":"contact-us","status":"publish","type":"page","link":"https:\/\/medispensary.ca\/fr\/contact-us\/","title":{"rendered":"Nous contacter"},"content":{"rendered":"<section class=\"section\" id=\"section_21248191\">\n\t\t<div class=\"bg section-bg fill bg-fill  bg-loaded\" >\n\n\t\t\t\n\t\t\t\n\t\t\t\n\n\t\t<\/div>\n\n\t\t\n\n\t\t<div class=\"section-content relative\">\n\t\t\t\n\n<div class=\"container section-title-container\" style=\"max-width:100%;\"><h3 class=\"section-title section-title-bold-center\"><b><\/b><span class=\"section-title-main\" >Nous contacter<\/span><b><\/b><\/h3><\/div>\n\n<div class=\"row row-full-width\"  id=\"row-815909792\">\n\n\n\t<div id=\"col-76506462\" class=\"col medium-6 small-12 large-6\"  >\n\t\t\t\t<div class=\"col-inner\"  >\n\t\t\t\n\t\t\t\n\n<div class=\"container section-title-container\" ><h3 class=\"section-title section-title-center\"><b><\/b><span class=\"section-title-main\" >Vous avez des questions ou des commentaires?<\/span><b><\/b><\/h3><\/div>\n\n<p>Si vous ne l&#039;avez pas d\u00e9j\u00e0 fait, veuillez consulter la section FAQ\u00a0! Votre question a peut-\u00eatre d\u00e9j\u00e0 une r\u00e9ponse que vous pouvez y trouver. Si vous ne parvenez toujours pas \u00e0 trouver la r\u00e9ponse \u00e0 votre question, contactez-nous via ce formulaire !<\/p>\n<p>Veuillez nous accorder jusqu&#039;\u00e0 1 heure pour une r\u00e9ponse! Si vous avez besoin de nous plus rapidement, n&#039;h\u00e9sitez pas \u00e0 nous appeler au 437-928-5229 !<\/p>\n<p>Incluez des d\u00e9tails tels que votre nom, votre num\u00e9ro de commande et une description de votre probl\u00e8me ou commentaire.<\/p>\n\n\t\t<\/div>\n\t\t\t\t\t<\/div>\n\n\t\n\n\t<div id=\"col-843414982\" class=\"col medium-6 small-12 large-6\"  >\n\t\t\t\t<div class=\"col-inner\"  >\n\t\t\t\n\t\t\t\n\n\n<div class=\"wpcf7 no-js\" id=\"wpcf7-f389-o1\" lang=\"en-US\" dir=\"ltr\" data-wpcf7-id=\"389\">\n<div class=\"screen-reader-response\"><p role=\"status\" aria-live=\"polite\" aria-atomic=\"true\"><\/p> <ul><\/ul><\/div>\n<form action=\"\/fr\/wp-json\/wp\/v2\/pages\/87#wpcf7-f389-o1\" method=\"post\" class=\"wpcf7-form init\" aria-label=\"Contact form\" novalidate=\"novalidate\" data-status=\"init\" data-trp-original-action=\"\/fr\/wp-json\/wp\/v2\/pages\/87#wpcf7-f389-o1\">\n<fieldset class=\"hidden-fields-container\"><input type=\"hidden\" name=\"_wpcf7\" value=\"389\" \/><input type=\"hidden\" name=\"_wpcf7_version\" value=\"6.1.3\" \/><input type=\"hidden\" name=\"_wpcf7_locale\" value=\"en_US\" \/><input type=\"hidden\" name=\"_wpcf7_unit_tag\" value=\"wpcf7-f389-o1\" \/><input type=\"hidden\" name=\"_wpcf7_container_post\" value=\"0\" \/><input type=\"hidden\" name=\"_wpcf7_posted_data_hash\" value=\"\" \/><input type=\"hidden\" name=\"_wpcf7_recaptcha_response\" value=\"\" \/>\n<\/fieldset>\n<p><label style=\"color: #fff;\"> votre nom<br \/>\n<span class=\"wpcf7-form-control-wrap\" data-name=\"your-name\"><input size=\"40\" maxlength=\"400\" class=\"wpcf7-form-control wpcf7-text wpcf7-validates-as-required\" aria-required=\"true\" aria-invalid=\"false\" value=\"\" type=\"text\" name=\"your-name\" \/><\/span> <\/label>\n<\/p>\n<p><label style=\"color: #fff;\"> Votre e-mail<br \/>\n<span class=\"wpcf7-form-control-wrap\" data-name=\"your-email\"><input size=\"40\" maxlength=\"400\" class=\"wpcf7-form-control wpcf7-email wpcf7-validates-as-required wpcf7-text wpcf7-validates-as-email\" aria-required=\"true\" aria-invalid=\"false\" value=\"\" type=\"email\" name=\"your-email\" \/><\/span> <\/label>\n<\/p>\n<p><label style=\"color: #fff;\"> Sujet<br \/>\n<span class=\"wpcf7-form-control-wrap\" data-name=\"your-subject\"><input size=\"40\" maxlength=\"400\" class=\"wpcf7-form-control wpcf7-text\" aria-invalid=\"false\" value=\"\" type=\"text\" name=\"your-subject\" \/><\/span> <\/label>\n<\/p>\n<p><label style=\"color: #fff;\"> Votre message<br \/>\n<span class=\"wpcf7-form-control-wrap\" data-name=\"your-message\"><textarea cols=\"40\" rows=\"10\" maxlength=\"2000\" class=\"wpcf7-form-control wpcf7-textarea\" aria-invalid=\"false\" name=\"your-message\"><\/textarea><\/span> <\/label>\n<\/p>\n<p>[cf7sr-simple-recaptcha]\n<\/p>\n<p><input class=\"wpcf7-form-control wpcf7-submit has-spinner\" type=\"submit\" value=\"Soumettre\" \/>\n<\/p><p style=\"display: none !important;\" class=\"akismet-fields-container\" data-prefix=\"_wpcf7_ak_\"><label>&#916;<textarea name=\"_wpcf7_ak_hp_textarea\" cols=\"45\" rows=\"8\" maxlength=\"100\"><\/textarea><\/label><input type=\"hidden\" id=\"ak_js_1\" name=\"_wpcf7_ak_js\" value=\"15\"\/><script>document.getElementById( \"ak_js_1\" ).setAttribute( \"value\", ( new Date() ).getTime() );<\/script><\/p><div class=\"wpcf7-response-output\" aria-hidden=\"true\"><\/div>\n<input type=\"hidden\" name=\"trp-form-language\" value=\"fr\"\/><\/form>\n<\/div>\n\n\n\n\t\t<\/div>\n\t\t\t\t\t<\/div>\n\n\t\n\n<\/div>\n\n\t\t<\/div>\n\n\t\t\n<style>\n#section_21248191 {\n  padding-top: 30px;\n  padding-bottom: 30px;\n}\n#section_21248191 .ux-shape-divider--top svg {\n  height: 150px;\n  --divider-top-width: 100%;\n}\n#section_21248191 .ux-shape-divider--bottom svg {\n  height: 150px;\n  --divider-width: 100%;\n}\n<\/style>\n\t<\/section>","protected":false},"excerpt":{"rendered":"","protected":false},"author":1,"featured_media":0,"parent":0,"menu_order":0,"comment_status":"open","ping_status":"closed","template":"","meta":{"footnotes":""},"class_list":["post-87","page","type-page","status-publish","hentry"],"yoast_head":"<!-- This site is optimized with the Yoast SEO plugin v26.3 - https:\/\/yoast.com\/wordpress\/plugins\/seo\/ -->\n<title>Contact us - Cheap Weed delivery Toronto. Dispensary near me: MeDispensary<\/title>\n<meta name=\"robots\" content=\"index, follow, max-snippet:-1, max-image-preview:large, max-video-preview:-1\" \/>\n<link rel=\"canonical\" href=\"https:\/\/medispensary.ca\/fr\/contact-us\/\" \/>\n<meta property=\"og:locale\" content=\"fr_CA\" \/>\n<meta property=\"og:type\" content=\"article\" \/>\n<meta property=\"og:title\" content=\"Contact us - Cheap Weed delivery Toronto. Dispensary near me: MeDispensary\" \/>\n<meta property=\"og:url\" content=\"https:\/\/medispensary.ca\/fr\/contact-us\/\" \/>\n<meta property=\"og:site_name\" content=\"Cheap Weed delivery Toronto. Dispensary near me: MeDispensary\" \/>\n<meta property=\"article:modified_time\" content=\"2022-12-01T05:54:42+00:00\" \/>\n<meta name=\"twitter:card\" content=\"summary_large_image\" \/>\n<meta name=\"twitter:label1\" content=\"Estimation du temps de lecture\" \/>\n\t<meta name=\"twitter:data1\" content=\"1 minute\" \/>\n<script type=\"application\/ld+json\" class=\"yoast-schema-graph\">{\"@context\":\"https:\/\/schema.org\",\"@graph\":[{\"@type\":\"WebPage\",\"@id\":\"https:\/\/medispensary.ca\/contact-us\/\",\"url\":\"https:\/\/medispensary.ca\/contact-us\/\",\"name\":\"Contact us - Cheap Weed delivery Toronto. Dispensary near me: MeDispensary\",\"isPartOf\":{\"@id\":\"https:\/\/medispensary.ca\/#website\"},\"datePublished\":\"2022-11-22T21:26:26+00:00\",\"dateModified\":\"2022-12-01T05:54:42+00:00\",\"breadcrumb\":{\"@id\":\"https:\/\/medispensary.ca\/contact-us\/#breadcrumb\"},\"inLanguage\":\"fr-CA\",\"potentialAction\":[{\"@type\":\"ReadAction\",\"target\":[\"https:\/\/medispensary.ca\/contact-us\/\"]}]},{\"@type\":\"BreadcrumbList\",\"@id\":\"https:\/\/medispensary.ca\/contact-us\/#breadcrumb\",\"itemListElement\":[{\"@type\":\"ListItem\",\"position\":1,\"name\":\"Home\",\"item\":\"https:\/\/medispensary.ca\/\"},{\"@type\":\"ListItem\",\"position\":2,\"name\":\"Contact us\"}]},{\"@type\":\"WebSite\",\"@id\":\"https:\/\/medispensary.ca\/#website\",\"url\":\"https:\/\/medispensary.ca\/\",\"name\":\"Cheap Weed delivery Toronto. Dispensary near me: MeDispensary\",\"description\":\"Medispensary leads Toronto&#039;s cannabis game. Buy weed online with lightning-fast GTA delivery and unbeatable rates. Orders over $160 enjoy free delivery.\",\"potentialAction\":[{\"@type\":\"SearchAction\",\"target\":{\"@type\":\"EntryPoint\",\"urlTemplate\":\"https:\/\/medispensary.ca\/?s={search_term_string}\"},\"query-input\":{\"@type\":\"PropertyValueSpecification\",\"valueRequired\":true,\"valueName\":\"search_term_string\"}}],\"inLanguage\":\"fr-CA\"}]}<\/script>\n<!-- \/ Yoast SEO plugin. -->","yoast_head_json":{"title":"Contact us - Cheap Weed delivery Toronto. Dispensary near me: MeDispensary","robots":{"index":"index","follow":"follow","max-snippet":"max-snippet:-1","max-image-preview":"max-image-preview:large","max-video-preview":"max-video-preview:-1"},"canonical":"https:\/\/medispensary.ca\/fr\/contact-us\/","og_locale":"fr_CA","og_type":"article","og_title":"Contact us - Cheap Weed delivery Toronto. Dispensary near me: MeDispensary","og_url":"https:\/\/medispensary.ca\/fr\/contact-us\/","og_site_name":"Cheap Weed delivery Toronto. Dispensary near me: MeDispensary","article_modified_time":"2022-12-01T05:54:42+00:00","twitter_card":"summary_large_image","twitter_misc":{"Estimation du temps de lecture":"1 minute"},"schema":{"@context":"https:\/\/schema.org","@graph":[{"@type":"WebPage","@id":"https:\/\/medispensary.ca\/contact-us\/","url":"https:\/\/medispensary.ca\/contact-us\/","name":"Contact us - Cheap Weed delivery Toronto. Dispensary near me: MeDispensary","isPartOf":{"@id":"https:\/\/medispensary.ca\/#website"},"datePublished":"2022-11-22T21:26:26+00:00","dateModified":"2022-12-01T05:54:42+00:00","breadcrumb":{"@id":"https:\/\/medispensary.ca\/contact-us\/#breadcrumb"},"inLanguage":"fr-CA","potentialAction":[{"@type":"ReadAction","target":["https:\/\/medispensary.ca\/contact-us\/"]}]},{"@type":"BreadcrumbList","@id":"https:\/\/medispensary.ca\/contact-us\/#breadcrumb","itemListElement":[{"@type":"ListItem","position":1,"name":"Home","item":"https:\/\/medispensary.ca\/"},{"@type":"ListItem","position":2,"name":"Contact us"}]},{"@type":"WebSite","@id":"https:\/\/medispensary.ca\/#website","url":"https:\/\/medispensary.ca\/","name":"Cheap Weed delivery Toronto. Dispensary near me: MeDispensary","description":"Medispensary leads Toronto&#039;s cannabis game. Buy weed online with lightning-fast GTA delivery and unbeatable rates. Orders over $160 enjoy free delivery.","potentialAction":[{"@type":"SearchAction","target":{"@type":"EntryPoint","urlTemplate":"https:\/\/medispensary.ca\/?s={search_term_string}"},"query-input":{"@type":"PropertyValueSpecification","valueRequired":true,"valueName":"search_term_string"}}],"inLanguage":"fr-CA"}]}},"_links":{"self":[{"href":"https:\/\/medispensary.ca\/fr\/wp-json\/wp\/v2\/pages\/87","targetHints":{"allow":["GET"]}}],"collection":[{"href":"https:\/\/medispensary.ca\/fr\/wp-json\/wp\/v2\/pages"}],"about":[{"href":"https:\/\/medispensary.ca\/fr\/wp-json\/wp\/v2\/types\/page"}],"author":[{"embeddable":true,"href":"https:\/\/medispensary.ca\/fr\/wp-json\/wp\/v2\/users\/1"}],"replies":[{"embeddable":true,"href":"https:\/\/medispensary.ca\/fr\/wp-json\/wp\/v2\/comments?post=87"}],"version-history":[{"count":0,"href":"https:\/\/medispensary.ca\/fr\/wp-json\/wp\/v2\/pages\/87\/revisions"}],"wp:attachment":[{"href":"https:\/\/medispensary.ca\/fr\/wp-json\/wp\/v2\/media?parent=87"}],"curies":[{"name":"wp","href":"https:\/\/api.w.org\/{rel}","templated":true}]}}