{"id":433,"date":"2022-11-22T21:26:26","date_gmt":"2022-11-22T21:26:26","guid":{"rendered":"http:\/\/downtoearth.delivery\/?page_id=433"},"modified":"2022-12-01T05:54:42","modified_gmt":"2022-12-01T05:54:42","slug":"privacy-policy","status":"publish","type":"page","link":"https:\/\/medispensary.ca\/fr\/privacy-policy\/","title":{"rendered":"Privacy Policy"},"content":{"rendered":"<section class=\"section\" id=\"section_1014137398\">\n\t\t<div class=\"bg section-bg fill bg-fill  bg-loaded\" >\n\n\t\t\t\n\t\t\t\n\t\t\t\n\n\t\t<\/div>\n\n\t\t\n\n\t\t<div class=\"section-content relative\">\n\t\t\t\n\n<div class=\"container section-title-container\" style=\"max-width:100%;\"><h3 class=\"section-title section-title-center\"><b><\/b><span class=\"section-title-main\" >Politique de confidentialit\u00e9<\/span><b><\/b><\/h3><\/div>\n\n<ul>\n<li class=\"kc-elm kc-css-694400 kc_col-of-5 kc_column kc_col-of-5\">Livraisons \u00e0&nbsp;<strong>ADRESSE CANADIENNE SEULEMENT<\/strong><\/li>\n<li class=\"kc-elm kc-css-694400 kc_col-of-5 kc_column kc_col-of-5\">Pour acheter des produits sur https:\/\/medispensary.ca, vous devez avoir au moins 19 ans<\/li>\n<li class=\"kc-elm kc-css-694400 kc_col-of-5 kc_column kc_col-of-5\">Les prix et la disponibilit\u00e9 des produits sont sujets \u00e0 changement sans pr\u00e9avis<\/li>\n<li class=\"kc-elm kc-css-694400 kc_col-of-5 kc_column kc_col-of-5\">Vous n&#039;\u00eates en aucun cas affili\u00e9 \u00e0 une quelconque application de la loi<\/li>\n<\/ul>\n<ul>\n<li class=\"kc-elm kc-css-694400 kc_col-of-5 kc_column kc_col-of-5\">Maryjane Way ne sera pas tenue responsable des commandes perdues en raison de\n<ul>\n<li class=\"kc-elm kc-css-694400 kc_col-of-5 kc_column kc_col-of-5\">erreur de la poste<\/li>\n<li class=\"kc-elm kc-css-694400 kc_col-of-5 kc_column kc_col-of-5\">mauvaise adresse\/unit\u00e9 # donn\u00e9e par le client<\/li>\n<li class=\"kc-elm kc-css-694400 kc_col-of-5 kc_column kc_col-of-5\">dimensionn\u00e9 \u00e0 l&#039;installation postale<\/li>\n<li class=\"kc-elm kc-css-694400 kc_col-of-5 kc_column kc_col-of-5\">colis vol\u00e9s apr\u00e8s livraison<\/li>\n<\/ul>\n<\/li>\n<li><strong>TOUTES LES VENTES SONT FINALES. AUCUN REMBOURSEMENT NE SERA EFFECTU\u00c9.<\/strong><\/li>\n<\/ul>\n<div class=\"generated-terms\">\n<h3 class=\"h2\">Informations d&#039;identification personnelle<\/h3>\n<p>Nous pouvons collecter des informations d&#039;identification personnelle aupr\u00e8s des utilisateurs de diverses mani\u00e8res, y compris, mais sans s&#039;y limiter, lorsque les utilisateurs visitent notre site, s&#039;inscrivent sur le site, passent une commande, remplissent un formulaire, r\u00e9pondent \u00e0 un sondage, s&#039;abonnent \u00e0 la newsletter et en relation avec d&#039;autres activit\u00e9s, services, fonctionnalit\u00e9s ou ressources que nous mettons \u00e0 disposition sur notre Site. Il pourra \u00eatre demand\u00e9 aux utilisateurs, selon le cas, le nom, l&#039;adresse e-mail, l&#039;adresse postale,<\/p>\n<p>Les utilisateurs peuvent toutefois visiter notre site de mani\u00e8re anonyme.<\/p>\n<p>Nous ne collecterons les informations d&#039;identification personnelle des Utilisateurs que s&#039;ils nous soumettent volontairement ces informations. Les utilisateurs peuvent toujours refuser de fournir des informations d&#039;identification personnelle, sauf que cela peut les emp\u00eacher de s&#039;engager dans certaines activit\u00e9s li\u00e9es au site.<\/p>\n<h3 class=\"h2\">Informations d&#039;identification non personnelles<\/h3>\n<p>Nous pouvons collecter des informations d&#039;identification non personnelles sur les utilisateurs chaque fois qu&#039;ils interagissent avec notre site. Les informations d&#039;identification non personnelles peuvent inclure le nom du navigateur, le type d&#039;ordinateur et des informations techniques sur les moyens de connexion des utilisateurs \u00e0 notre site, tels que le syst\u00e8me d&#039;exploitation et les fournisseurs de services Internet utilis\u00e9s et d&#039;autres informations similaires.<\/p>\n<h3 class=\"h2\">Cookies du navigateur Web<\/h3>\n<p>Notre site peut utiliser des \u00ab cookies \u00bb pour am\u00e9liorer l&#039;exp\u00e9rience utilisateur. Le navigateur Web de l&#039;utilisateur place des cookies sur son disque dur \u00e0 des fins d&#039;enregistrement et parfois pour suivre les informations les concernant. L&#039;utilisateur peut choisir de configurer son navigateur Web pour refuser les cookies ou pour vous alerter lorsque des cookies sont envoy\u00e9s. S&#039;ils le font, notez que certaines parties du site peuvent ne pas fonctionner correctement.<\/p>\n<h3 class=\"h2\">Comment nous utilisons les informations collect\u00e9es<\/h3>\n<p>Maryjane Way collecte et utilise les informations personnelles des Utilisateurs aux fins suivantes :<\/p>\n<ul>\n<li><i>Pour am\u00e9liorer le service client<\/i><br \/>Vos informations nous aident \u00e0 r\u00e9pondre plus efficacement \u00e0 vos demandes de service client et \u00e0 vos besoins d&#039;assistance.<\/li>\n<li><i>Pour personnaliser l&#039;exp\u00e9rience utilisateur<\/i><br \/>Nous pouvons utiliser les informations dans leur ensemble pour comprendre comment nos utilisateurs en tant que groupe utilisent les services et les ressources fournis sur notre site.<\/li>\n<li><i>Pour am\u00e9liorer notre Site<\/i><br \/>Nous nous effor\u00e7ons continuellement d&#039;am\u00e9liorer les offres de notre site Web en fonction des informations et des commentaires que nous recevons de votre part.<\/li>\n<li><i>Pour traiter les op\u00e9rations<\/i><br \/>Nous pouvons utiliser les informations fournies par les utilisateurs sur eux-m\u00eames lors de la passation d&#039;une commande uniquement pour fournir un service \u00e0 cette commande. Nous ne partageons pas ces informations avec des tiers, sauf dans la mesure n\u00e9cessaire pour fournir le service.<\/li>\n<li><i>Pour administrer un contenu, une promotion, une enqu\u00eate ou une autre fonctionnalit\u00e9 du Site<\/i><br \/>Pour envoyer aux Utilisateurs des informations qu&#039;ils ont accept\u00e9 de recevoir sur des sujets que nous pensons susceptibles de les int\u00e9resser.<\/li>\n<li><em>Pour envoyer des e-mails p\u00e9riodiques<\/em>L&#039;adresse e-mail fournie par les utilisateurs pour le traitement des commandes ne sera utilis\u00e9e que pour leur envoyer des informations et des mises \u00e0 jour relatives \u00e0 leur commande. Il peut \u00e9galement \u00eatre utilis\u00e9 pour r\u00e9pondre \u00e0 leurs demandes de renseignements et\/ou \u00e0 d&#039;autres demandes ou questions. Si l&#039;utilisateur d\u00e9cide de s&#039;inscrire \u00e0 notre liste de diffusion, il recevra des e-mails pouvant inclure des nouvelles de l&#039;entreprise, des mises \u00e0 jour, des informations sur les produits ou services connexes, etc. instructions de d\u00e9sabonnement au bas de chaque e-mail ou l&#039;utilisateur peut nous contacter via notre site.<\/li>\n<\/ul>\n<h3 class=\"h2\">Comment nous prot\u00e9geons vos informations<\/h3>\n<p>Nous adoptons des pratiques appropri\u00e9es de collecte, de stockage et de traitement des donn\u00e9es et des mesures de s\u00e9curit\u00e9 pour prot\u00e9ger contre l&#039;acc\u00e8s non autoris\u00e9, l&#039;alt\u00e9ration, la divulgation ou la destruction de vos informations personnelles, nom d&#039;utilisateur, mot de passe, informations de transaction et donn\u00e9es stock\u00e9es sur notre site.<\/p>\n<p>L&#039;\u00e9change de donn\u00e9es sensibles et priv\u00e9es entre le Site et ses Utilisateurs se fait via un canal de communication s\u00e9curis\u00e9 SSL et est crypt\u00e9 et prot\u00e9g\u00e9 par des signatures num\u00e9riques.<\/p>\n<h3 class=\"h2\">Modifications de cette politique de confidentialit\u00e9<\/h3>\n<p>Maryjane Way a le pouvoir discr\u00e9tionnaire de mettre \u00e0 jour cette politique de confidentialit\u00e9 \u00e0 tout moment. Lorsque nous le faisons, vous envoyer un e-mail. Nous encourageons les utilisateurs \u00e0 consulter fr\u00e9quemment cette page pour tout changement afin de rester inform\u00e9s de la mani\u00e8re dont nous aidons \u00e0 prot\u00e9ger les informations personnelles que nous collectons. Vous reconnaissez et acceptez qu&#039;il est de votre responsabilit\u00e9 de revoir p\u00e9riodiquement cette politique de confidentialit\u00e9 et de prendre connaissance des modifications.<\/p>\n<h3 class=\"h2\">Votre acceptation de ces termes<\/h3>\n<p>En utilisant ce site, vous signifiez votre acceptation de cette politique et&nbsp;<a href=\"https:\/\/medispensary.ca\/fr\/privacy-policy\/\">conditions d&#039;utilisation<\/a>. Si vous n&#039;acceptez pas cette politique, veuillez ne pas utiliser notre Site. Votre utilisation continue du site apr\u00e8s la publication des modifications apport\u00e9es \u00e0 cette politique sera consid\u00e9r\u00e9e comme votre acceptation de ces modifications.<\/p>\n<h3 class=\"h2\">Nous contacter<\/h3>\n<p>Si vous avez des questions concernant cette politique de confidentialit\u00e9, les pratiques de ce site ou vos relations avec ce site, veuillez nous contacter \u00e0\u00a0:<\/p>\n<p>Chemin Maryjane<\/p>\n<p>maryjaneway.co<\/p>\n<p>support@downtoearth.delivery<\/p>\n<\/div>\n\n\t\t<\/div>\n\n\t\t\n<style>\n#section_1014137398 {\n  padding-top: 30px;\n  padding-bottom: 30px;\n}\n#section_1014137398 .ux-shape-divider--top svg {\n  height: 150px;\n  --divider-top-width: 100%;\n}\n#section_1014137398 .ux-shape-divider--bottom svg {\n  height: 150px;\n  --divider-width: 100%;\n}\n<\/style>\n\t<\/section>","protected":false},"excerpt":{"rendered":"","protected":false},"author":1,"featured_media":0,"parent":0,"menu_order":0,"comment_status":"open","ping_status":"closed","template":"","meta":{"footnotes":""},"class_list":["post-433","page","type-page","status-publish","hentry"],"yoast_head":"<!-- This site is optimized with the Yoast SEO plugin v26.3 - https:\/\/yoast.com\/wordpress\/plugins\/seo\/ -->\n<title>Privacy Policy - Cheap Weed delivery Toronto. Dispensary near me: MeDispensary<\/title>\n<meta name=\"robots\" content=\"index, follow, max-snippet:-1, max-image-preview:large, max-video-preview:-1\" \/>\n<link rel=\"canonical\" href=\"https:\/\/medispensary.ca\/fr\/privacy-policy\/\" \/>\n<meta property=\"og:locale\" content=\"fr_CA\" \/>\n<meta property=\"og:type\" content=\"article\" \/>\n<meta property=\"og:title\" content=\"Privacy Policy - Cheap Weed delivery Toronto. Dispensary near me: MeDispensary\" \/>\n<meta property=\"og:url\" content=\"https:\/\/medispensary.ca\/fr\/privacy-policy\/\" \/>\n<meta property=\"og:site_name\" content=\"Cheap Weed delivery Toronto. Dispensary near me: MeDispensary\" \/>\n<meta property=\"article:modified_time\" content=\"2022-12-01T05:54:42+00:00\" \/>\n<meta name=\"twitter:card\" content=\"summary_large_image\" \/>\n<meta name=\"twitter:label1\" content=\"Estimation du temps de lecture\" \/>\n\t<meta name=\"twitter:data1\" content=\"4 minutes\" \/>\n<script type=\"application\/ld+json\" class=\"yoast-schema-graph\">{\"@context\":\"https:\/\/schema.org\",\"@graph\":[{\"@type\":\"WebPage\",\"@id\":\"https:\/\/medispensary.ca\/fr\/privacy-policy\/\",\"url\":\"https:\/\/medispensary.ca\/fr\/privacy-policy\/\",\"name\":\"Privacy Policy - Cheap Weed delivery Toronto. Dispensary near me: MeDispensary\",\"isPartOf\":{\"@id\":\"https:\/\/medispensary.ca\/#website\"},\"datePublished\":\"2022-11-22T21:26:26+00:00\",\"dateModified\":\"2022-12-01T05:54:42+00:00\",\"breadcrumb\":{\"@id\":\"https:\/\/medispensary.ca\/fr\/privacy-policy\/#breadcrumb\"},\"inLanguage\":\"fr-CA\",\"potentialAction\":[{\"@type\":\"ReadAction\",\"target\":[\"https:\/\/medispensary.ca\/fr\/privacy-policy\/\"]}]},{\"@type\":\"BreadcrumbList\",\"@id\":\"https:\/\/medispensary.ca\/fr\/privacy-policy\/#breadcrumb\",\"itemListElement\":[{\"@type\":\"ListItem\",\"position\":1,\"name\":\"Home\",\"item\":\"https:\/\/medispensary.ca\/\"},{\"@type\":\"ListItem\",\"position\":2,\"name\":\"Privacy Policy\"}]},{\"@type\":\"WebSite\",\"@id\":\"https:\/\/medispensary.ca\/#website\",\"url\":\"https:\/\/medispensary.ca\/\",\"name\":\"Cheap Weed delivery Toronto. Dispensary near me: MeDispensary\",\"description\":\"Medispensary leads Toronto&#039;s cannabis game. Buy weed online with lightning-fast GTA delivery and unbeatable rates. Orders over $160 enjoy free delivery.\",\"potentialAction\":[{\"@type\":\"SearchAction\",\"target\":{\"@type\":\"EntryPoint\",\"urlTemplate\":\"https:\/\/medispensary.ca\/?s={search_term_string}\"},\"query-input\":{\"@type\":\"PropertyValueSpecification\",\"valueRequired\":true,\"valueName\":\"search_term_string\"}}],\"inLanguage\":\"fr-CA\"}]}<\/script>\n<!-- \/ Yoast SEO plugin. -->","yoast_head_json":{"title":"Privacy Policy - Cheap Weed delivery Toronto. Dispensary near me: MeDispensary","robots":{"index":"index","follow":"follow","max-snippet":"max-snippet:-1","max-image-preview":"max-image-preview:large","max-video-preview":"max-video-preview:-1"},"canonical":"https:\/\/medispensary.ca\/fr\/privacy-policy\/","og_locale":"fr_CA","og_type":"article","og_title":"Privacy Policy - Cheap Weed delivery Toronto. Dispensary near me: MeDispensary","og_url":"https:\/\/medispensary.ca\/fr\/privacy-policy\/","og_site_name":"Cheap Weed delivery Toronto. Dispensary near me: MeDispensary","article_modified_time":"2022-12-01T05:54:42+00:00","twitter_card":"summary_large_image","twitter_misc":{"Estimation du temps de lecture":"4 minutes"},"schema":{"@context":"https:\/\/schema.org","@graph":[{"@type":"WebPage","@id":"https:\/\/medispensary.ca\/fr\/privacy-policy\/","url":"https:\/\/medispensary.ca\/fr\/privacy-policy\/","name":"Privacy Policy - Cheap Weed delivery Toronto. Dispensary near me: MeDispensary","isPartOf":{"@id":"https:\/\/medispensary.ca\/#website"},"datePublished":"2022-11-22T21:26:26+00:00","dateModified":"2022-12-01T05:54:42+00:00","breadcrumb":{"@id":"https:\/\/medispensary.ca\/fr\/privacy-policy\/#breadcrumb"},"inLanguage":"fr-CA","potentialAction":[{"@type":"ReadAction","target":["https:\/\/medispensary.ca\/fr\/privacy-policy\/"]}]},{"@type":"BreadcrumbList","@id":"https:\/\/medispensary.ca\/fr\/privacy-policy\/#breadcrumb","itemListElement":[{"@type":"ListItem","position":1,"name":"Home","item":"https:\/\/medispensary.ca\/"},{"@type":"ListItem","position":2,"name":"Privacy Policy"}]},{"@type":"WebSite","@id":"https:\/\/medispensary.ca\/#website","url":"https:\/\/medispensary.ca\/","name":"Cheap Weed delivery Toronto. Dispensary near me: MeDispensary","description":"Medispensary leads Toronto&#039;s cannabis game. Buy weed online with lightning-fast GTA delivery and unbeatable rates. Orders over $160 enjoy free delivery.","potentialAction":[{"@type":"SearchAction","target":{"@type":"EntryPoint","urlTemplate":"https:\/\/medispensary.ca\/?s={search_term_string}"},"query-input":{"@type":"PropertyValueSpecification","valueRequired":true,"valueName":"search_term_string"}}],"inLanguage":"fr-CA"}]}},"_links":{"self":[{"href":"https:\/\/medispensary.ca\/fr\/wp-json\/wp\/v2\/pages\/433","targetHints":{"allow":["GET"]}}],"collection":[{"href":"https:\/\/medispensary.ca\/fr\/wp-json\/wp\/v2\/pages"}],"about":[{"href":"https:\/\/medispensary.ca\/fr\/wp-json\/wp\/v2\/types\/page"}],"author":[{"embeddable":true,"href":"https:\/\/medispensary.ca\/fr\/wp-json\/wp\/v2\/users\/1"}],"replies":[{"embeddable":true,"href":"https:\/\/medispensary.ca\/fr\/wp-json\/wp\/v2\/comments?post=433"}],"version-history":[{"count":0,"href":"https:\/\/medispensary.ca\/fr\/wp-json\/wp\/v2\/pages\/433\/revisions"}],"wp:attachment":[{"href":"https:\/\/medispensary.ca\/fr\/wp-json\/wp\/v2\/media?parent=433"}],"curies":[{"name":"wp","href":"https:\/\/api.w.org\/{rel}","templated":true}]}}